{"id":351,"date":"2025-12-10T08:43:58","date_gmt":"2025-12-10T08:43:58","guid":{"rendered":"http:\/\/www.abikardesturizm.com\/?page_id=351"},"modified":"2025-12-13T07:27:25","modified_gmt":"2025-12-13T07:27:25","slug":"iletisim-2","status":"publish","type":"page","link":"http:\/\/www.abikardesturizm.com\/?page_id=351","title":{"rendered":"\u0130LET\u0130\u015e\u0130M"},"content":{"rendered":"\n<div class=\"wp-block-buttons is-layout-flex wp-block-buttons-is-layout-flex\">\n<div class=\"wp-block-button\"><a class=\"wp-block-button__link has-text-align-right wp-element-button\" href=\"https:\/\/www.google.com\/maps\/place\/AB%C4%B0+KARDE%C5%9E+TA%C5%9EIMACILIK+TUR%C4%B0ZM\/@40.8495259,29.2972417,17z\/data=!3m1!4b1!4m6!3m5!1s0x14cadd996fa6312f:0xb5478d82834e23c7!8m2!3d40.8495219!4d29.2998166!16s%2Fg%2F11ys70k395?entry=ttu&amp;g_ep=EgoyMDI1MTIwOS4wIKXMDSoASAFQAw%3D%3D\"><strong><em>Y<\/em><\/strong>ol Tarifi<strong><em>&#8230;         <\/em><\/strong><\/a><\/div>\n<\/div>\n\n\n\n<p><\/p>\n\n\n\n<p><strong><em>ADRES : \u0130\u00e7meler Mah., \u00c7a\u011fda\u015f Sk., Vema Rezidans Sit. C Blok No:2-C, \u0130\u00e7 Kap\u0131 No: 112 Tuzla\/\u0130stanbul<\/em><\/strong><\/p>\n\n\n\n<p><strong><em>Telefon &nbsp;&nbsp;&nbsp;&nbsp;&nbsp;&nbsp;: +90 531 522 14 47<\/em><\/strong><\/p>\n\n\n\n<p><strong><em>Telefon &nbsp;&nbsp;&nbsp;&nbsp;&nbsp;&nbsp;: +90 544 369 94 60<\/em><\/strong><\/p>\n\n\n\n<div class=\"wp-block-group is-nowrap is-layout-flex wp-container-core-group-is-layout-ad2f72ca wp-block-group-is-layout-flex\">\n<ul class=\"wp-block-social-links is-layout-flex wp-block-social-links-is-layout-flex\"><li class=\"wp-social-link wp-social-link-whatsapp  wp-block-social-link\"><a href=\"https:\/\/+90%20554%20190%2076%2067\" class=\"wp-block-social-link-anchor\"><svg width=\"24\" height=\"24\" viewBox=\"0 0 24 24\" version=\"1.1\" xmlns=\"http:\/\/www.w3.org\/2000\/svg\" aria-hidden=\"true\" focusable=\"false\"><path d=\"M 12.011719 2 C 6.5057187 2 2.0234844 6.478375 2.0214844 11.984375 C 2.0204844 13.744375 2.4814687 15.462563 3.3554688 16.976562 L 2 22 L 7.2324219 20.763672 C 8.6914219 21.559672 10.333859 21.977516 12.005859 21.978516 L 12.009766 21.978516 C 17.514766 21.978516 21.995047 17.499141 21.998047 11.994141 C 22.000047 9.3251406 20.962172 6.8157344 19.076172 4.9277344 C 17.190172 3.0407344 14.683719 2.001 12.011719 2 z M 12.009766 4 C 14.145766 4.001 16.153109 4.8337969 17.662109 6.3417969 C 19.171109 7.8517969 20.000047 9.8581875 19.998047 11.992188 C 19.996047 16.396187 16.413812 19.978516 12.007812 19.978516 C 10.674812 19.977516 9.3544062 19.642812 8.1914062 19.007812 L 7.5175781 18.640625 L 6.7734375 18.816406 L 4.8046875 19.28125 L 5.2851562 17.496094 L 5.5019531 16.695312 L 5.0878906 15.976562 C 4.3898906 14.768562 4.0204844 13.387375 4.0214844 11.984375 C 4.0234844 7.582375 7.6067656 4 12.009766 4 z M 8.4765625 7.375 C 8.3095625 7.375 8.0395469 7.4375 7.8105469 7.6875 C 7.5815469 7.9365 6.9355469 8.5395781 6.9355469 9.7675781 C 6.9355469 10.995578 7.8300781 12.182609 7.9550781 12.349609 C 8.0790781 12.515609 9.68175 15.115234 12.21875 16.115234 C 14.32675 16.946234 14.754891 16.782234 15.212891 16.740234 C 15.670891 16.699234 16.690438 16.137687 16.898438 15.554688 C 17.106437 14.971687 17.106922 14.470187 17.044922 14.367188 C 16.982922 14.263188 16.816406 14.201172 16.566406 14.076172 C 16.317406 13.951172 15.090328 13.348625 14.861328 13.265625 C 14.632328 13.182625 14.464828 13.140625 14.298828 13.390625 C 14.132828 13.640625 13.655766 14.201187 13.509766 14.367188 C 13.363766 14.534188 13.21875 14.556641 12.96875 14.431641 C 12.71875 14.305641 11.914938 14.041406 10.960938 13.191406 C 10.218937 12.530406 9.7182656 11.714844 9.5722656 11.464844 C 9.4272656 11.215844 9.5585938 11.079078 9.6835938 10.955078 C 9.7955938 10.843078 9.9316406 10.663578 10.056641 10.517578 C 10.180641 10.371578 10.223641 10.267562 10.306641 10.101562 C 10.389641 9.9355625 10.347156 9.7890625 10.285156 9.6640625 C 10.223156 9.5390625 9.737625 8.3065 9.515625 7.8125 C 9.328625 7.3975 9.131125 7.3878594 8.953125 7.3808594 C 8.808125 7.3748594 8.6425625 7.375 8.4765625 7.375 z\"><\/path><\/svg><span class=\"wp-block-social-link-label screen-reader-text\">WhatsApp<\/span><\/a><\/li><\/ul>\n\n\n\n<p><strong><em>+90 554 190 76 67<\/em><\/strong><\/p>\n<\/div>\n\n\n\n<div class=\"wp-block-group is-nowrap is-layout-flex wp-container-core-group-is-layout-ad2f72ca wp-block-group-is-layout-flex\">\n<ul class=\"wp-block-social-links has-large-icon-size is-layout-flex wp-block-social-links-is-layout-flex\"><li class=\"wp-social-link wp-social-link-mail  wp-block-social-link\"><a href=\"mailto:a&#098;&#105;k&#097;&#114;&#100;es&#116;u&#114;iz&#109;&#064;gma&#105;l.&#099;om\" class=\"wp-block-social-link-anchor\"><svg width=\"24\" height=\"24\" viewBox=\"0 0 24 24\" version=\"1.1\" xmlns=\"http:\/\/www.w3.org\/2000\/svg\" aria-hidden=\"true\" focusable=\"false\"><path d=\"M19,5H5c-1.1,0-2,.9-2,2v10c0,1.1.9,2,2,2h14c1.1,0,2-.9,2-2V7c0-1.1-.9-2-2-2zm.5,12c0,.3-.2.5-.5.5H5c-.3,0-.5-.2-.5-.5V9.8l7.5,5.6,7.5-5.6V17zm0-9.1L12,13.6,4.5,7.9V7c0-.3.2-.5.5-.5h14c.3,0,.5.2.5.5v.9z\"><\/path><\/svg><span class=\"wp-block-social-link-label screen-reader-text\">Mail<\/span><\/a><\/li><\/ul>\n\n\n\n<p>abikardesturizm@gmail.com<\/p>\n<\/div>\n\n\n\n<div class=\"wp-block-comments\">\n\n\n\n<\/div>\n","protected":false},"excerpt":{"rendered":"<p>ADRES : \u0130\u00e7meler Mah., \u00c7a\u011fda\u015f Sk., Vema Rezidans Sit. C Blok No:2-C, \u0130\u00e7 Kap\u0131 No: 112 Tuzla\/\u0130stanbul Telefon &nbsp;&nbsp;&nbsp;&nbsp;&nbsp;&nbsp;: +90 531 522 14 47 Telefon &hellip;<\/p>\n","protected":false},"author":1,"featured_media":0,"parent":0,"menu_order":0,"comment_status":"open","ping_status":"closed","template":"","meta":{"footnotes":""},"class_list":["post-351","page","type-page","status-publish","hentry"],"_links":{"self":[{"href":"http:\/\/www.abikardesturizm.com\/index.php?rest_route=\/wp\/v2\/pages\/351","targetHints":{"allow":["GET"]}}],"collection":[{"href":"http:\/\/www.abikardesturizm.com\/index.php?rest_route=\/wp\/v2\/pages"}],"about":[{"href":"http:\/\/www.abikardesturizm.com\/index.php?rest_route=\/wp\/v2\/types\/page"}],"author":[{"embeddable":true,"href":"http:\/\/www.abikardesturizm.com\/index.php?rest_route=\/wp\/v2\/users\/1"}],"replies":[{"embeddable":true,"href":"http:\/\/www.abikardesturizm.com\/index.php?rest_route=%2Fwp%2Fv2%2Fcomments&post=351"}],"version-history":[{"count":22,"href":"http:\/\/www.abikardesturizm.com\/index.php?rest_route=\/wp\/v2\/pages\/351\/revisions"}],"predecessor-version":[{"id":534,"href":"http:\/\/www.abikardesturizm.com\/index.php?rest_route=\/wp\/v2\/pages\/351\/revisions\/534"}],"wp:attachment":[{"href":"http:\/\/www.abikardesturizm.com\/index.php?rest_route=%2Fwp%2Fv2%2Fmedia&parent=351"}],"curies":[{"name":"wp","href":"https:\/\/api.w.org\/{rel}","templated":true}]}}