{"id":347,"date":"2025-12-10T08:43:58","date_gmt":"2025-12-10T08:43:58","guid":{"rendered":"http:\/\/www.abikardesturizm.com\/?page_id=347"},"modified":"2025-12-11T07:54:41","modified_gmt":"2025-12-11T07:54:41","slug":"anasayfa","status":"publish","type":"page","link":"http:\/\/www.abikardesturizm.com\/?page_id=347","title":{"rendered":"ANASAYFA"},"content":{"rendered":"\n<p><strong>Personel servisini keyifli bir yolculu\u011fa d\u00f6n\u00fc\u015ft\u00fcr\u00fcyoruz\u2026<br>Hi\u00e7bir i\u015fletmenin birbirine benzemedi\u011fi kendisine \u00f6zg\u00fc bir yap\u0131s\u0131 oldu\u011fu g\u00f6z ard\u0131 edilmeden, en do\u011fru Personel Servisi Projesini olu\u015fturuyoruz. Planlanan hedefe ula\u015fmak i\u00e7in do\u011fru \u00e7\u00f6z\u00fcm\u00fcn tespiti kadar, do\u011fru ekibin se\u00e7imi de \u00f6nemlidir. Bizimle yapaca\u011f\u0131n\u0131z g\u00fcnl\u00fck seyahat, size ayr\u0131cal\u0131kl\u0131 oldu\u011funuzu hissettirecektir.Ayr\u0131ca mesaiye kald\u0131\u011f\u0131n\u0131zda eve nas\u0131l giderim kayg\u0131n\u0131z olmas\u0131n. Diledi\u011finiz saatte mesai bitiminde sizi evinize b\u0131rakal\u0131m.<\/strong><\/p>\n\n\n\n<p><strong>\u0130stanbul gibi metropol bir \u015fehirde ula\u015f\u0131m, hem bireyler hem de kurumlar i\u00e7in b\u00fcy\u00fck bir problem haline gelmi\u015ftir. Artan trafik, zaman kayb\u0131 ve stres, \u00e7al\u0131\u015fan verimlili\u011fini olumsuz etkiler.&nbsp;Abi Karde\u015f Ta\u015f\u0131mac\u0131l\u0131k Turizm&nbsp;olarak biz, bu zorluklar\u0131 a\u015fmak ve kurumlar\u0131n personel ta\u015f\u0131mac\u0131l\u0131\u011f\u0131 ihtiya\u00e7lar\u0131na profesyonel \u00e7\u00f6z\u00fcmler sunmak i\u00e7in buraday\u0131z.<\/strong><\/p>\n\n\n\n<p><strong>Abi Karde\u015f Ta\u015f\u0131mac\u0131l\u0131k Turizm&nbsp; olarak, personel ta\u015f\u0131mac\u0131l\u0131\u011f\u0131nda uzun y\u0131llara dayanan tecr\u00fcbemizle,&nbsp;kaliteli ve g\u00fcvenilir hizmet&nbsp;sunman\u0131n gururunu ya\u015f\u0131yoruz.<\/strong><\/p>\n\n\n\n<p><strong>Personel ta\u015f\u0131mac\u0131l\u0131k&nbsp;hizmetlerimizde hem kaliteli hem ekonomik \u00e7\u00f6z\u00fcmler sunmay\u0131 hedefliyoruz. Gece ya da g\u00fcnd\u00fcz fark etmeksizin, t\u00fcm&nbsp;servis arac\u0131 arayan firmalar&nbsp;i\u00e7in anl\u0131k trafik verilerini kullanarak alternatif g\u00fczergahlar belirliyor, b\u00f6ylece personelinizi mesai saatinde g\u00fcvenle ve zaman\u0131nda i\u015fyerine ula\u015ft\u0131r\u0131yoruz.<\/strong><\/p>\n","protected":false},"excerpt":{"rendered":"<p>Personel servisini keyifli bir yolculu\u011fa d\u00f6n\u00fc\u015ft\u00fcr\u00fcyoruz\u2026Hi\u00e7bir i\u015fletmenin birbirine benzemedi\u011fi kendisine \u00f6zg\u00fc bir yap\u0131s\u0131 oldu\u011fu g\u00f6z ard\u0131 edilmeden, en do\u011fru Personel Servisi Projesini olu\u015fturuyoruz. Planlanan hedefe &hellip;<\/p>\n","protected":false},"author":1,"featured_media":0,"parent":0,"menu_order":0,"comment_status":"closed","ping_status":"closed","template":"","meta":{"footnotes":""},"class_list":["post-347","page","type-page","status-publish","hentry"],"_links":{"self":[{"href":"http:\/\/www.abikardesturizm.com\/index.php?rest_route=\/wp\/v2\/pages\/347","targetHints":{"allow":["GET"]}}],"collection":[{"href":"http:\/\/www.abikardesturizm.com\/index.php?rest_route=\/wp\/v2\/pages"}],"about":[{"href":"http:\/\/www.abikardesturizm.com\/index.php?rest_route=\/wp\/v2\/types\/page"}],"author":[{"embeddable":true,"href":"http:\/\/www.abikardesturizm.com\/index.php?rest_route=\/wp\/v2\/users\/1"}],"replies":[{"embeddable":true,"href":"http:\/\/www.abikardesturizm.com\/index.php?rest_route=%2Fwp%2Fv2%2Fcomments&post=347"}],"version-history":[{"count":6,"href":"http:\/\/www.abikardesturizm.com\/index.php?rest_route=\/wp\/v2\/pages\/347\/revisions"}],"predecessor-version":[{"id":385,"href":"http:\/\/www.abikardesturizm.com\/index.php?rest_route=\/wp\/v2\/pages\/347\/revisions\/385"}],"wp:attachment":[{"href":"http:\/\/www.abikardesturizm.com\/index.php?rest_route=%2Fwp%2Fv2%2Fmedia&parent=347"}],"curies":[{"name":"wp","href":"https:\/\/api.w.org\/{rel}","templated":true}]}}